{"id":972,"date":"2023-07-20T13:54:31","date_gmt":"2023-07-20T11:54:31","guid":{"rendered":"https:\/\/www.flexpak.nl\/de\/?page_id=972"},"modified":"2024-01-23T13:46:57","modified_gmt":"2024-01-23T12:46:57","slug":"lamineren","status":"publish","type":"page","link":"https:\/\/www.flexpak.nl\/de\/lamineren\/","title":{"rendered":"Laminieren"},"content":{"rendered":"<p class=\"hh-block block-paragraph block-paragraph--id-69f49cae40731\"data-mb=\"small\">Flexpak verf\u00fcgt \u00fcber zwei moderne Laminierstra\u00dfen. Hier werden die bedruckten und unbedruckten Folien (l\u00f6sungsmittelfrei) mit Laminierfolie verleimt. Um Ihr Produkt optimal zu sch\u00fctzen, ber\u00fccksichtigen wir bei der Auswahl der Laminat- oder Tri-Laminatfolie nicht nur die Maschinenbearbeitbarkeit, sondern auch die Dichtungseigenschaften und die gew\u00fcnschten Barriereeigenschaften.\u00a0 Dadurch sind wir in der Lage, jederzeit die bestm\u00f6gliche Verpackungsfolie zu produzieren. Im Dialog mit Ihnen erh\u00e4lt jedes Ihrer Produkte bei uns die optimale Verpackung.<\/p>","protected":false},"excerpt":{"rendered":"","protected":false},"author":2,"featured_media":0,"parent":0,"menu_order":23,"comment_status":"closed","ping_status":"closed","template":"","meta":{"_acf_changed":false,"footnotes":""},"class_list":["post-972","page","type-page","status-publish","hentry"],"acf":[],"yoast_head":"<title>Laminieren - Flexpak<\/title>\n<meta name=\"description\" content=\"Lamineren is een van de verschillende afdelingen binnen Flexpak. Ontdek hier hoe wij de producten lamineren binnen deze afdeling.\" \/>\n<meta name=\"robots\" content=\"index, follow, max-snippet:-1, max-image-preview:large, max-video-preview:-1\" \/>\n<link rel=\"canonical\" href=\"https:\/\/www.flexpak.nl\/de\/lamineren\/\" \/>\n<meta property=\"og:locale\" content=\"de_DE\" \/>\n<meta property=\"og:type\" content=\"article\" \/>\n<meta property=\"og:title\" content=\"Laminieren - Flexpak\" \/>\n<meta property=\"og:description\" content=\"Lamineren is een van de verschillende afdelingen binnen Flexpak. Ontdek hier hoe wij de producten lamineren binnen deze afdeling.\" \/>\n<meta property=\"og:url\" content=\"https:\/\/www.flexpak.nl\/de\/lamineren\/\" \/>\n<meta property=\"og:site_name\" content=\"Flexpak\" \/>\n<meta property=\"article:modified_time\" content=\"2024-01-23T12:46:57+00:00\" \/>\n<meta name=\"twitter:card\" content=\"summary_large_image\" \/>\n<meta name=\"twitter:label1\" content=\"Gesch\u00e4tzte Lesezeit\" \/>\n\t<meta name=\"twitter:data1\" content=\"1\u00a0Minute\" \/>\n<script type=\"application\/ld+json\" class=\"yoast-schema-graph\">{\"@context\":\"https:\/\/schema.org\",\"@graph\":[{\"@type\":\"WebPage\",\"@id\":\"https:\/\/www.flexpak.nl\/de\/lamineren\/\",\"url\":\"https:\/\/www.flexpak.nl\/de\/lamineren\/\",\"name\":\"Laminieren - Flexpak\",\"isPartOf\":{\"@id\":\"https:\/\/www.flexpak.nl\/de\/#website\"},\"datePublished\":\"2023-07-20T11:54:31+00:00\",\"dateModified\":\"2024-01-23T12:46:57+00:00\",\"description\":\"Lamineren is een van de verschillende afdelingen binnen Flexpak. Ontdek hier hoe wij de producten lamineren binnen deze afdeling.\",\"breadcrumb\":{\"@id\":\"https:\/\/www.flexpak.nl\/de\/lamineren\/#breadcrumb\"},\"inLanguage\":\"de\",\"potentialAction\":[{\"@type\":\"ReadAction\",\"target\":[\"https:\/\/www.flexpak.nl\/de\/lamineren\/\"]}]},{\"@type\":\"BreadcrumbList\",\"@id\":\"https:\/\/www.flexpak.nl\/de\/lamineren\/#breadcrumb\",\"itemListElement\":[{\"@type\":\"ListItem\",\"position\":1,\"name\":\"Home\",\"item\":\"https:\/\/www.flexpak.nl\/de\/\"},{\"@type\":\"ListItem\",\"position\":2,\"name\":\"Laminieren\"}]},{\"@type\":\"WebSite\",\"@id\":\"https:\/\/www.flexpak.nl\/de\/#website\",\"url\":\"https:\/\/www.flexpak.nl\/de\/\",\"name\":\"Flexpak\",\"description\":\"The sustainable innovator\",\"potentialAction\":[{\"@type\":\"SearchAction\",\"target\":{\"@type\":\"EntryPoint\",\"urlTemplate\":\"https:\/\/www.flexpak.nl\/de\/?suchanfrage={search_term_string}\"},\"query-input\":{\"@type\":\"PropertyValueSpecification\",\"valueRequired\":true,\"valueName\":\"search_term_string\"}}],\"inLanguage\":\"de\"}]}<\/script>","yoast_head_json":{"title":"Laminieren - Flexpak","description":"Lamineren is een van de verschillende afdelingen binnen Flexpak. Ontdek hier hoe wij de producten lamineren binnen deze afdeling.","robots":{"index":"index","follow":"follow","max-snippet":"max-snippet:-1","max-image-preview":"max-image-preview:large","max-video-preview":"max-video-preview:-1"},"canonical":"https:\/\/www.flexpak.nl\/de\/lamineren\/","og_locale":"de_DE","og_type":"article","og_title":"Laminieren - Flexpak","og_description":"Lamineren is een van de verschillende afdelingen binnen Flexpak. Ontdek hier hoe wij de producten lamineren binnen deze afdeling.","og_url":"https:\/\/www.flexpak.nl\/de\/lamineren\/","og_site_name":"Flexpak","article_modified_time":"2024-01-23T12:46:57+00:00","twitter_card":"summary_large_image","twitter_misc":{"Gesch\u00e4tzte Lesezeit":"1\u00a0Minute"},"schema":{"@context":"https:\/\/schema.org","@graph":[{"@type":"WebPage","@id":"https:\/\/www.flexpak.nl\/de\/lamineren\/","url":"https:\/\/www.flexpak.nl\/de\/lamineren\/","name":"Laminieren - Flexpak","isPartOf":{"@id":"https:\/\/www.flexpak.nl\/de\/#website"},"datePublished":"2023-07-20T11:54:31+00:00","dateModified":"2024-01-23T12:46:57+00:00","description":"Lamineren is een van de verschillende afdelingen binnen Flexpak. Ontdek hier hoe wij de producten lamineren binnen deze afdeling.","breadcrumb":{"@id":"https:\/\/www.flexpak.nl\/de\/lamineren\/#breadcrumb"},"inLanguage":"de","potentialAction":[{"@type":"ReadAction","target":["https:\/\/www.flexpak.nl\/de\/lamineren\/"]}]},{"@type":"BreadcrumbList","@id":"https:\/\/www.flexpak.nl\/de\/lamineren\/#breadcrumb","itemListElement":[{"@type":"ListItem","position":1,"name":"Home","item":"https:\/\/www.flexpak.nl\/de\/"},{"@type":"ListItem","position":2,"name":"Laminieren"}]},{"@type":"WebSite","@id":"https:\/\/www.flexpak.nl\/de\/#website","url":"https:\/\/www.flexpak.nl\/de\/","name":"Flexpak","description":"The sustainable innovator","potentialAction":[{"@type":"SearchAction","target":{"@type":"EntryPoint","urlTemplate":"https:\/\/www.flexpak.nl\/de\/?suchanfrage={search_term_string}"},"query-input":{"@type":"PropertyValueSpecification","valueRequired":true,"valueName":"search_term_string"}}],"inLanguage":"de"}]}},"_links":{"self":[{"href":"https:\/\/www.flexpak.nl\/de\/wp-json\/wp\/v2\/pages\/972","targetHints":{"allow":["GET"]}}],"collection":[{"href":"https:\/\/www.flexpak.nl\/de\/wp-json\/wp\/v2\/pages"}],"about":[{"href":"https:\/\/www.flexpak.nl\/de\/wp-json\/wp\/v2\/types\/page"}],"author":[{"embeddable":true,"href":"https:\/\/www.flexpak.nl\/de\/wp-json\/wp\/v2\/users\/2"}],"replies":[{"embeddable":true,"href":"https:\/\/www.flexpak.nl\/de\/wp-json\/wp\/v2\/comments?post=972"}],"version-history":[{"count":10,"href":"https:\/\/www.flexpak.nl\/de\/wp-json\/wp\/v2\/pages\/972\/revisions"}],"predecessor-version":[{"id":1600,"href":"https:\/\/www.flexpak.nl\/de\/wp-json\/wp\/v2\/pages\/972\/revisions\/1600"}],"wp:attachment":[{"href":"https:\/\/www.flexpak.nl\/de\/wp-json\/wp\/v2\/media?parent=972"}],"curies":[{"name":"wp","href":"https:\/\/api.w.org\/{rel}","templated":true}]}}