{"id":968,"date":"2023-07-20T13:53:39","date_gmt":"2023-07-20T11:53:39","guid":{"rendered":"https:\/\/www.flexpak.nl\/de\/?page_id=968"},"modified":"2024-01-23T13:44:10","modified_gmt":"2024-01-23T12:44:10","slug":"flexodrukkerij","status":"publish","type":"page","link":"https:\/\/www.flexpak.nl\/de\/flexodrukkerij\/","title":{"rendered":"Flexo-Druckerei"},"content":{"rendered":"\n<div class=\"hh-block block-row\"data-mb=\"regular\">\n    <div class=\"block-row__row row block-row__row--preset-1\/2|1\/2 block-row__row--align-stretch\">\n                \n\n<div class=\"hh-block block-column col col--1 col--lg-1\/2\">\n    \n<p class=\"hh-block block-paragraph block-paragraph--id-69f6299fb69e7\"data-mb=\"small\">Flexpak arbeitet mit renommierten Reprografen zusammen. Wir sind Ihr kompetenter Ansprechpartner f\u00fcr alle Ihre Fragen rund ums Bedrucken. Wir kennen uns nicht nur mit der HD-, NX- und LUX-Technologie aus, sondern verf\u00fcgen auch \u00fcber einen gro\u00dfen Erfahrungsschatz im Bedrucken von Polymerplatten, herk\u00f6mmlichen und d\u00fcnnen Sleeves. Dadurch sind wir auch in der Lage, nahtlos zu drucken<\/p>\n<\/div>\n\n\n<div class=\"hh-block block-column col col--1 col--lg-1\/2\">\n    \n\n    <div class=\"hh-block block-image\"\n         data-mt=\"none\"         data-mb=\"small\"         data-horizontal-align=\"centered\"\n         data-vertical-align=\"centered\"\n         data-mobile-align=\"centered\">\n\n         \n        <figure class=\"block-image__inner\" style=\"max-width: 320px\">\n\n            \n            \n            <div class=\"block-image__image-container\">\n\n            \n                <picture class=\"block-image__picture\" draggable=\"false\">\n  <source media=\"(min-width: 414px)\" srcset=\"https:\/\/www.flexpak.nl\/de\/wp-content\/uploads\/2023\/12\/Flexpak-drukkerij-Lachende-man-verpakkingsrollen-320x200.jpg\" width=\"320\" height=\"200\" \/>\n  <source media=\"(min-width: 0px)\" srcset=\"https:\/\/www.flexpak.nl\/de\/wp-content\/uploads\/2023\/12\/Flexpak-drukkerij-Lachende-man-verpakkingsrollen-320x200.jpg 1x, https:\/\/www.flexpak.nl\/de\/wp-content\/uploads\/2023\/12\/Flexpak-drukkerij-Lachende-man-verpakkingsrollen-320x200.jpg 2x\" width=\"320\" height=\"200\" \/>\n  <img class=\"block-image__image\" draggable=\"false\" decoding=\"async\" loading=\"lazy\" src=\"https:\/\/www.flexpak.nl\/de\/wp-content\/uploads\/2023\/12\/Flexpak-drukkerij-Lachende-man-verpakkingsrollen-320x200.jpg\" alt=\"\" width=\"320\" height=\"200\" \/>\n<\/picture>\n                                    <div\n                        class=\"block-image__holder block-image__holder--desktop\"\n                        style=\"aspect-ratio: 320\/200; max-width: 320px\">\n                    <\/div>\n                \n                                    <div\n                        class=\"block-image__holder block-image__holder--mobile\"\n                        style=\"aspect-ratio: 320\/200; max-width: 320px\">\n                    <\/div>\n                \n                                \n            <\/div>\n\n                        \n\n            \n            \n            \n            \n        <\/figure>\n\n        \n    <\/div>\n\n\n<\/div>\n            <\/div>\n<\/div>\n","protected":false},"excerpt":{"rendered":"","protected":false},"author":2,"featured_media":0,"parent":0,"menu_order":21,"comment_status":"closed","ping_status":"closed","template":"","meta":{"_acf_changed":false,"footnotes":""},"class_list":["post-968","page","type-page","status-publish","hentry"],"acf":[],"yoast_head":"<title>Flexo-Druckerei - Flexpak<\/title>\n<meta name=\"description\" content=\"De flexodrukkerij is onder andere een afdeling van Flexpak. Lees hier alles over de flexodrukkerij en ontdek wat wij doen.\" \/>\n<meta name=\"robots\" content=\"index, follow, max-snippet:-1, max-image-preview:large, max-video-preview:-1\" \/>\n<link rel=\"canonical\" href=\"https:\/\/www.flexpak.nl\/de\/flexodrukkerij\/\" \/>\n<meta property=\"og:locale\" content=\"de_DE\" \/>\n<meta property=\"og:type\" content=\"article\" \/>\n<meta property=\"og:title\" content=\"Flexo-Druckerei - Flexpak\" \/>\n<meta property=\"og:description\" content=\"De flexodrukkerij is onder andere een afdeling van Flexpak. Lees hier alles over de flexodrukkerij en ontdek wat wij doen.\" \/>\n<meta property=\"og:url\" content=\"https:\/\/www.flexpak.nl\/de\/flexodrukkerij\/\" \/>\n<meta property=\"og:site_name\" content=\"Flexpak\" \/>\n<meta property=\"article:modified_time\" content=\"2024-01-23T12:44:10+00:00\" \/>\n<meta name=\"twitter:card\" content=\"summary_large_image\" \/>\n<meta name=\"twitter:label1\" content=\"Gesch\u00e4tzte Lesezeit\" \/>\n\t<meta name=\"twitter:data1\" content=\"1\u00a0Minute\" \/>\n<script type=\"application\/ld+json\" class=\"yoast-schema-graph\">{\"@context\":\"https:\/\/schema.org\",\"@graph\":[{\"@type\":\"WebPage\",\"@id\":\"https:\/\/www.flexpak.nl\/de\/flexodrukkerij\/\",\"url\":\"https:\/\/www.flexpak.nl\/de\/flexodrukkerij\/\",\"name\":\"Flexo-Druckerei - Flexpak\",\"isPartOf\":{\"@id\":\"https:\/\/www.flexpak.nl\/de\/#website\"},\"datePublished\":\"2023-07-20T11:53:39+00:00\",\"dateModified\":\"2024-01-23T12:44:10+00:00\",\"description\":\"De flexodrukkerij is onder andere een afdeling van Flexpak. Lees hier alles over de flexodrukkerij en ontdek wat wij doen.\",\"breadcrumb\":{\"@id\":\"https:\/\/www.flexpak.nl\/de\/flexodrukkerij\/#breadcrumb\"},\"inLanguage\":\"de\",\"potentialAction\":[{\"@type\":\"ReadAction\",\"target\":[\"https:\/\/www.flexpak.nl\/de\/flexodrukkerij\/\"]}]},{\"@type\":\"BreadcrumbList\",\"@id\":\"https:\/\/www.flexpak.nl\/de\/flexodrukkerij\/#breadcrumb\",\"itemListElement\":[{\"@type\":\"ListItem\",\"position\":1,\"name\":\"Home\",\"item\":\"https:\/\/www.flexpak.nl\/de\/\"},{\"@type\":\"ListItem\",\"position\":2,\"name\":\"Flexo-Druckerei\"}]},{\"@type\":\"WebSite\",\"@id\":\"https:\/\/www.flexpak.nl\/de\/#website\",\"url\":\"https:\/\/www.flexpak.nl\/de\/\",\"name\":\"Flexpak\",\"description\":\"The sustainable innovator\",\"potentialAction\":[{\"@type\":\"SearchAction\",\"target\":{\"@type\":\"EntryPoint\",\"urlTemplate\":\"https:\/\/www.flexpak.nl\/de\/?suchanfrage={search_term_string}\"},\"query-input\":{\"@type\":\"PropertyValueSpecification\",\"valueRequired\":true,\"valueName\":\"search_term_string\"}}],\"inLanguage\":\"de\"}]}<\/script>","yoast_head_json":{"title":"Flexo-Druckerei - Flexpak","description":"De flexodrukkerij is onder andere een afdeling van Flexpak. Lees hier alles over de flexodrukkerij en ontdek wat wij doen.","robots":{"index":"index","follow":"follow","max-snippet":"max-snippet:-1","max-image-preview":"max-image-preview:large","max-video-preview":"max-video-preview:-1"},"canonical":"https:\/\/www.flexpak.nl\/de\/flexodrukkerij\/","og_locale":"de_DE","og_type":"article","og_title":"Flexo-Druckerei - Flexpak","og_description":"De flexodrukkerij is onder andere een afdeling van Flexpak. Lees hier alles over de flexodrukkerij en ontdek wat wij doen.","og_url":"https:\/\/www.flexpak.nl\/de\/flexodrukkerij\/","og_site_name":"Flexpak","article_modified_time":"2024-01-23T12:44:10+00:00","twitter_card":"summary_large_image","twitter_misc":{"Gesch\u00e4tzte Lesezeit":"1\u00a0Minute"},"schema":{"@context":"https:\/\/schema.org","@graph":[{"@type":"WebPage","@id":"https:\/\/www.flexpak.nl\/de\/flexodrukkerij\/","url":"https:\/\/www.flexpak.nl\/de\/flexodrukkerij\/","name":"Flexo-Druckerei - Flexpak","isPartOf":{"@id":"https:\/\/www.flexpak.nl\/de\/#website"},"datePublished":"2023-07-20T11:53:39+00:00","dateModified":"2024-01-23T12:44:10+00:00","description":"De flexodrukkerij is onder andere een afdeling van Flexpak. Lees hier alles over de flexodrukkerij en ontdek wat wij doen.","breadcrumb":{"@id":"https:\/\/www.flexpak.nl\/de\/flexodrukkerij\/#breadcrumb"},"inLanguage":"de","potentialAction":[{"@type":"ReadAction","target":["https:\/\/www.flexpak.nl\/de\/flexodrukkerij\/"]}]},{"@type":"BreadcrumbList","@id":"https:\/\/www.flexpak.nl\/de\/flexodrukkerij\/#breadcrumb","itemListElement":[{"@type":"ListItem","position":1,"name":"Home","item":"https:\/\/www.flexpak.nl\/de\/"},{"@type":"ListItem","position":2,"name":"Flexo-Druckerei"}]},{"@type":"WebSite","@id":"https:\/\/www.flexpak.nl\/de\/#website","url":"https:\/\/www.flexpak.nl\/de\/","name":"Flexpak","description":"The sustainable innovator","potentialAction":[{"@type":"SearchAction","target":{"@type":"EntryPoint","urlTemplate":"https:\/\/www.flexpak.nl\/de\/?suchanfrage={search_term_string}"},"query-input":{"@type":"PropertyValueSpecification","valueRequired":true,"valueName":"search_term_string"}}],"inLanguage":"de"}]}},"_links":{"self":[{"href":"https:\/\/www.flexpak.nl\/de\/wp-json\/wp\/v2\/pages\/968","targetHints":{"allow":["GET"]}}],"collection":[{"href":"https:\/\/www.flexpak.nl\/de\/wp-json\/wp\/v2\/pages"}],"about":[{"href":"https:\/\/www.flexpak.nl\/de\/wp-json\/wp\/v2\/types\/page"}],"author":[{"embeddable":true,"href":"https:\/\/www.flexpak.nl\/de\/wp-json\/wp\/v2\/users\/2"}],"replies":[{"embeddable":true,"href":"https:\/\/www.flexpak.nl\/de\/wp-json\/wp\/v2\/comments?post=968"}],"version-history":[{"count":9,"href":"https:\/\/www.flexpak.nl\/de\/wp-json\/wp\/v2\/pages\/968\/revisions"}],"predecessor-version":[{"id":1594,"href":"https:\/\/www.flexpak.nl\/de\/wp-json\/wp\/v2\/pages\/968\/revisions\/1594"}],"wp:attachment":[{"href":"https:\/\/www.flexpak.nl\/de\/wp-json\/wp\/v2\/media?parent=968"}],"curies":[{"name":"wp","href":"https:\/\/api.w.org\/{rel}","templated":true}]}}