{"id":960,"date":"2023-07-20T13:51:33","date_gmt":"2023-07-20T11:51:33","guid":{"rendered":"https:\/\/www.flexpak.nl\/de\/?page_id=960"},"modified":"2024-09-25T13:05:32","modified_gmt":"2024-09-25T11:05:32","slug":"visie-missie","status":"publish","type":"page","link":"https:\/\/www.flexpak.nl\/de\/visie-missie\/","title":{"rendered":"Vision, Auftrag und Grundwerte"},"content":{"rendered":"<p class=\"hh-block block-paragraph block-paragraph--id-69f629a0a0893\"data-mb=\"small\"><strong>Gesch\u00e4ftsdefinition<\/strong><br>Die OPACKGROUP, zu der Flexpak geh\u00f6rt, produziert und liefert ein komplettes Sortiment an spezialisierten flexiblen Kunststoff- und Papierverpackungen und Folien. Zu den globalen M\u00e4rkten geh\u00f6ren Business-to-Business-M\u00e4rkte f\u00fcr Lebensmittel, Non-Food, Landwirtschaft und Gartenbau. Das sind unsere Technologien: Blasextrusion, Flexodruck, Laminierung und Konfektion.<\/p>\n\n<p class=\"hh-block block-paragraph block-paragraph--id-69f629a0a0992\"data-mb=\"small\"><strong>Unternehmensleitbild<\/strong><strong><\/strong><\/p>\n\n<p class=\"hh-block block-paragraph block-paragraph--id-69f629a0a0a29\"data-mb=\"small\">Flexpak, \u201eThe sustainable innovator\u201d, hat sich zum Ziel gesetzt, seine Stakeholder nachhaltig, innovativ und erfolgreich zu machen.<\/p>\n\n<p class=\"hh-block block-paragraph block-paragraph--id-69f629a0a0ab7\"data-mb=\"small\"><strong>Die OPACKGROUP<\/strong><br>Die OPACKGROUP ist ein zuverl\u00e4ssiger Produzent und Partner f\u00fcr hochwertige Spezialverpackungen aus Kunststoff und Papier sowie Folien, der seine Produkte auf der Basis von Kontinuit\u00e4t und langfristigen Partnerschaften anbietet, um seine Stakeholder nachhaltig, innovativ und erfolgreich zu machen. Die 7 Produzenten der OPACKGROUP entwickeln gemeinsam mit allen beteiligten Partnern in einer einzigartigen Kette verschiedene hochwertige Verpackungsl\u00f6sungen.<\/p>\n\n<p class=\"hh-block block-paragraph block-paragraph--id-69f629a0a0b40\"data-mb=\"small\">Corporate Social Responsibility ist f\u00fcr die OPACKGROUP bereits seit Jahrzehnten das Leitmotiv ihres unternehmerischen Handelns. Mehr als jeder andere sind wir uns unserer sozialen Verantwortung als Unternehmen und Wissenspartner bewusst. Nachhaltiges Produzieren hat daher oberste Priorit\u00e4t.<\/p>\n\n<p class=\"hh-block block-paragraph block-paragraph--id-69f629a0a0bc6\"data-mb=\"small\">Unsere Nachhaltigkeitsvision und unsere Innovationen definieren unsere Identit\u00e4t, die wir mit Stolz in unserem Slogan zum Ausdruck bringen: \u201eThe sustainable innovator\u201d.<\/p>","protected":false},"excerpt":{"rendered":"","protected":false},"author":2,"featured_media":0,"parent":0,"menu_order":14,"comment_status":"closed","ping_status":"closed","template":"","meta":{"_acf_changed":false,"footnotes":""},"class_list":["post-960","page","type-page","status-publish","hentry"],"acf":[],"yoast_head":"<title>Vision, Auftrag und Grundwerte - Flexpak<\/title>\n<meta name=\"description\" content=\"Lees hier over de normen en waarden van Flexpak. Ontdek de visie en missie van OPACKGROUP en leer zo het bedrijf beter kennen.\" \/>\n<meta name=\"robots\" content=\"index, follow, max-snippet:-1, max-image-preview:large, max-video-preview:-1\" \/>\n<link rel=\"canonical\" href=\"https:\/\/www.flexpak.nl\/de\/visie-missie\/\" \/>\n<meta property=\"og:locale\" content=\"de_DE\" \/>\n<meta property=\"og:type\" content=\"article\" \/>\n<meta property=\"og:title\" content=\"Vision, Auftrag und Grundwerte - Flexpak\" \/>\n<meta property=\"og:description\" content=\"Lees hier over de normen en waarden van Flexpak. Ontdek de visie en missie van OPACKGROUP en leer zo het bedrijf beter kennen.\" \/>\n<meta property=\"og:url\" content=\"https:\/\/www.flexpak.nl\/de\/visie-missie\/\" \/>\n<meta property=\"og:site_name\" content=\"Flexpak\" \/>\n<meta property=\"article:modified_time\" content=\"2024-09-25T11:05:32+00:00\" \/>\n<meta name=\"twitter:card\" content=\"summary_large_image\" \/>\n<meta name=\"twitter:label1\" content=\"Gesch\u00e4tzte Lesezeit\" \/>\n\t<meta name=\"twitter:data1\" content=\"1\u00a0Minute\" \/>\n<script type=\"application\/ld+json\" class=\"yoast-schema-graph\">{\"@context\":\"https:\/\/schema.org\",\"@graph\":[{\"@type\":\"WebPage\",\"@id\":\"https:\/\/www.flexpak.nl\/de\/visie-missie\/\",\"url\":\"https:\/\/www.flexpak.nl\/de\/visie-missie\/\",\"name\":\"Vision, Auftrag und Grundwerte - Flexpak\",\"isPartOf\":{\"@id\":\"https:\/\/www.flexpak.nl\/de\/#website\"},\"datePublished\":\"2023-07-20T11:51:33+00:00\",\"dateModified\":\"2024-09-25T11:05:32+00:00\",\"description\":\"Lees hier over de normen en waarden van Flexpak. Ontdek de visie en missie van OPACKGROUP en leer zo het bedrijf beter kennen.\",\"breadcrumb\":{\"@id\":\"https:\/\/www.flexpak.nl\/de\/visie-missie\/#breadcrumb\"},\"inLanguage\":\"de\",\"potentialAction\":[{\"@type\":\"ReadAction\",\"target\":[\"https:\/\/www.flexpak.nl\/de\/visie-missie\/\"]}]},{\"@type\":\"BreadcrumbList\",\"@id\":\"https:\/\/www.flexpak.nl\/de\/visie-missie\/#breadcrumb\",\"itemListElement\":[{\"@type\":\"ListItem\",\"position\":1,\"name\":\"Home\",\"item\":\"https:\/\/www.flexpak.nl\/de\/\"},{\"@type\":\"ListItem\",\"position\":2,\"name\":\"Vision, Auftrag und Grundwerte\"}]},{\"@type\":\"WebSite\",\"@id\":\"https:\/\/www.flexpak.nl\/de\/#website\",\"url\":\"https:\/\/www.flexpak.nl\/de\/\",\"name\":\"Flexpak\",\"description\":\"The sustainable innovator\",\"potentialAction\":[{\"@type\":\"SearchAction\",\"target\":{\"@type\":\"EntryPoint\",\"urlTemplate\":\"https:\/\/www.flexpak.nl\/de\/?suchanfrage={search_term_string}\"},\"query-input\":{\"@type\":\"PropertyValueSpecification\",\"valueRequired\":true,\"valueName\":\"search_term_string\"}}],\"inLanguage\":\"de\"}]}<\/script>","yoast_head_json":{"title":"Vision, Auftrag und Grundwerte - Flexpak","description":"Lees hier over de normen en waarden van Flexpak. Ontdek de visie en missie van OPACKGROUP en leer zo het bedrijf beter kennen.","robots":{"index":"index","follow":"follow","max-snippet":"max-snippet:-1","max-image-preview":"max-image-preview:large","max-video-preview":"max-video-preview:-1"},"canonical":"https:\/\/www.flexpak.nl\/de\/visie-missie\/","og_locale":"de_DE","og_type":"article","og_title":"Vision, Auftrag und Grundwerte - Flexpak","og_description":"Lees hier over de normen en waarden van Flexpak. Ontdek de visie en missie van OPACKGROUP en leer zo het bedrijf beter kennen.","og_url":"https:\/\/www.flexpak.nl\/de\/visie-missie\/","og_site_name":"Flexpak","article_modified_time":"2024-09-25T11:05:32+00:00","twitter_card":"summary_large_image","twitter_misc":{"Gesch\u00e4tzte Lesezeit":"1\u00a0Minute"},"schema":{"@context":"https:\/\/schema.org","@graph":[{"@type":"WebPage","@id":"https:\/\/www.flexpak.nl\/de\/visie-missie\/","url":"https:\/\/www.flexpak.nl\/de\/visie-missie\/","name":"Vision, Auftrag und Grundwerte - Flexpak","isPartOf":{"@id":"https:\/\/www.flexpak.nl\/de\/#website"},"datePublished":"2023-07-20T11:51:33+00:00","dateModified":"2024-09-25T11:05:32+00:00","description":"Lees hier over de normen en waarden van Flexpak. Ontdek de visie en missie van OPACKGROUP en leer zo het bedrijf beter kennen.","breadcrumb":{"@id":"https:\/\/www.flexpak.nl\/de\/visie-missie\/#breadcrumb"},"inLanguage":"de","potentialAction":[{"@type":"ReadAction","target":["https:\/\/www.flexpak.nl\/de\/visie-missie\/"]}]},{"@type":"BreadcrumbList","@id":"https:\/\/www.flexpak.nl\/de\/visie-missie\/#breadcrumb","itemListElement":[{"@type":"ListItem","position":1,"name":"Home","item":"https:\/\/www.flexpak.nl\/de\/"},{"@type":"ListItem","position":2,"name":"Vision, Auftrag und Grundwerte"}]},{"@type":"WebSite","@id":"https:\/\/www.flexpak.nl\/de\/#website","url":"https:\/\/www.flexpak.nl\/de\/","name":"Flexpak","description":"The sustainable innovator","potentialAction":[{"@type":"SearchAction","target":{"@type":"EntryPoint","urlTemplate":"https:\/\/www.flexpak.nl\/de\/?suchanfrage={search_term_string}"},"query-input":{"@type":"PropertyValueSpecification","valueRequired":true,"valueName":"search_term_string"}}],"inLanguage":"de"}]}},"_links":{"self":[{"href":"https:\/\/www.flexpak.nl\/de\/wp-json\/wp\/v2\/pages\/960","targetHints":{"allow":["GET"]}}],"collection":[{"href":"https:\/\/www.flexpak.nl\/de\/wp-json\/wp\/v2\/pages"}],"about":[{"href":"https:\/\/www.flexpak.nl\/de\/wp-json\/wp\/v2\/types\/page"}],"author":[{"embeddable":true,"href":"https:\/\/www.flexpak.nl\/de\/wp-json\/wp\/v2\/users\/2"}],"replies":[{"embeddable":true,"href":"https:\/\/www.flexpak.nl\/de\/wp-json\/wp\/v2\/comments?post=960"}],"version-history":[{"count":19,"href":"https:\/\/www.flexpak.nl\/de\/wp-json\/wp\/v2\/pages\/960\/revisions"}],"predecessor-version":[{"id":2069,"href":"https:\/\/www.flexpak.nl\/de\/wp-json\/wp\/v2\/pages\/960\/revisions\/2069"}],"wp:attachment":[{"href":"https:\/\/www.flexpak.nl\/de\/wp-json\/wp\/v2\/media?parent=960"}],"curies":[{"name":"wp","href":"https:\/\/api.w.org\/{rel}","templated":true}]}}