{"id":950,"date":"2023-07-20T13:49:23","date_gmt":"2023-07-20T11:49:23","guid":{"rendered":"https:\/\/www.flexpak.nl\/de\/?page_id=950"},"modified":"2024-02-15T14:53:54","modified_gmt":"2024-02-15T13:53:54","slug":"marktubersicht","status":"publish","type":"page","link":"https:\/\/www.flexpak.nl\/de\/marktubersicht\/","title":{"rendered":"Markt\u00fcbersicht"},"content":{"rendered":"\n<div class=\"hh-block block-row\"data-mb=\"regular\">\n    <div class=\"block-row__row row block-row__row--preset-1\/3|1\/3|1\/3 block-row__row--align-stretch\">\n                \n\n<div class=\"hh-block block-column col col--1 col--lg-1\/3\">\n    \n    <style>\n        .block-paragraph.block-paragraph--id-69e36f0a3c22f {\n                                    --hh-paragraph-font-size: 2rem;\n                    }\n\n            <\/style>\n<p class=\"hh-block block-paragraph block-paragraph--id-69e36f0a3c22f\"data-mb=\"small\"><strong>Food<\/strong><\/p>\n\n<ul class=\"hh-block block-list block-list--type-unordered\"data-mb=\"small\">\n<li class=\"block-list__item\">\n            \n<a href=\"https:\/\/www.flexpak.nl\/de\/markten\/lebensmittel\/kartoffeln-gemuse-obst\/\">Kartoffeln, Gem\u00fcse &amp; Obst<\/a>\n    <\/li>\n\n\n<li class=\"block-list__item\">\n            \n<a href=\"https:\/\/www.flexpak.nl\/de\/markten\/lebensmittel\/brot-backwaren\/\">Brot &amp; Backwaren<\/a>\n    <\/li>\n\n\n<li class=\"block-list__item\">\n            \n<a href=\"https:\/\/www.flexpak.nl\/de\/markten\/lebensmittel\/fertiggerichte\/\">Fertiggerichte<\/a>\n    <\/li>\n\n\n<li class=\"block-list__item\">\n            \n<a href=\"https:\/\/www.flexpak.nl\/de\/markten\/lebensmittel\/tierfutter\/\">Tierfutter \\ Futtermittel<\/a>\n    <\/li>\n\n\n<li class=\"block-list__item\">\n            \n<a href=\"https:\/\/www.flexpak.nl\/de\/markten\/lebensmittel\/getranke\/\">Getr\u00e4nke<\/a>\n    <\/li>\n\n\n<li class=\"block-list__item\">\n            \n<a href=\"https:\/\/www.flexpak.nl\/de\/markten\/lebensmittel\/geback-susswaren\/\">Geb\u00e4ck und S\u00fc\u00dfwaren<\/a>\n    <\/li>\n\n\n<li class=\"block-list__item\">\n            \n<a href=\"https:\/\/www.flexpak.nl\/de\/markten\/lebensmittel\/kraeuter-gewurze\/\">Kr\u00e4uter &amp; Gew\u00fcrze<\/a>\n    <\/li>\n\n\n<li class=\"block-list__item\">\n            \n<a href=\"https:\/\/www.flexpak.nl\/de\/markten\/lebensmittel\/lebensmittelzutaten\/\">Lebensmittelzutaten<\/a>\n    <\/li>\n\n\n<li class=\"block-list__item\">\n            \n<a href=\"https:\/\/www.flexpak.nl\/de\/markten\/non-food\/retail\/\">Retail<\/a>\n    <\/li>\n\n\n<li class=\"block-list__item\">\n            \n<a href=\"https:\/\/www.flexpak.nl\/de\/markten\/lebensmittel\/snacks\/\">Snacks<\/a>\n    <\/li>\n\n\n<li class=\"block-list__item\">\n            \n<a href=\"https:\/\/www.flexpak.nl\/de\/markten\/lebensmittel\/fisch\/\">Fisch<\/a>\n    <\/li>\n\n\n<li class=\"block-list__item\">\n            \n<a href=\"https:\/\/www.flexpak.nl\/de\/markten\/lebensmittel\/fleisch\/\">Fleisch<\/a>\n    <\/li>\n\n\n<li class=\"block-list__item\">\n            \n<a href=\"https:\/\/www.flexpak.nl\/de\/markten\/lebensmittel\/milchprodukte\/\">Milchprodukte<\/a>\n    <\/li>\n\n\n<li class=\"block-list__item\">\n            \n<a href=\"https:\/\/www.flexpak.nl\/de\/markten\/lebensmittel\/sonstiges-lebensmittel\/\">Sonstiges<\/a>\n    <\/li>\n\n<\/ul>\n<\/div>\n\n\n<div class=\"hh-block block-column col col--1 col--lg-1\/3\">\n    \n    <style>\n        .block-paragraph.block-paragraph--id-69e36f0a3ca05 {\n                                    --hh-paragraph-font-size: 2rem;\n                    }\n\n            <\/style>\n<p class=\"hh-block block-paragraph block-paragraph--id-69e36f0a3ca05\"data-mb=\"small\"><strong>Non Food<\/strong><\/p>\n\n<ul class=\"hh-block block-list block-list--type-unordered\"data-mb=\"small\">\n<li class=\"block-list__item\">\n            \n<a href=\"https:\/\/www.flexpak.nl\/de\/markten\/non-food\/automobilindustrie\/\">Automobilindustrie<\/a>\n    <\/li>\n\n\n<li class=\"block-list__item\">\n            \n<a href=\"https:\/\/www.flexpak.nl\/de\/markten\/non-food\/bauwesen\/\">Bauwesen<\/a>\n    <\/li>\n\n\n<li class=\"block-list__item\">\n            \n<a href=\"https:\/\/www.flexpak.nl\/de\/markten\/non-food\/chemie\/\">Chemie<\/a>\n    <\/li>\n\n\n<li class=\"block-list__item\">\n            \n<a href=\"https:\/\/www.flexpak.nl\/de\/markten\/non-food\/ecommerce\/\">E-commerce<\/a>\n    <\/li>\n\n\n<li class=\"block-list__item\">\n            \n<a href=\"https:\/\/www.flexpak.nl\/de\/markten\/non-food\/pharmazie\/\">Pharmazie<\/a>\n    <\/li>\n\n\n<li class=\"block-list__item\">\n            \n<a href=\"https:\/\/www.flexpak.nl\/de\/markten\/non-food\/hygiene-ausstattung\/\">Hygiene &amp; Ausstattung<\/a>\n    <\/li>\n\n\n<li class=\"block-list__item\">\n            \n<a href=\"https:\/\/www.flexpak.nl\/de\/markten\/non-food\/logistik\/\">Logistik<\/a>\n    <\/li>\n\n\n<li class=\"block-list__item\">\n            \n<a href=\"https:\/\/www.flexpak.nl\/de\/markten\/non-food\/fertigung\/\">Fertigung<\/a>\n    <\/li>\n\n\n<li class=\"block-list__item\">\n            \n<a href=\"https:\/\/www.flexpak.nl\/de\/markten\/non-food\/medien\/\">Medien<\/a>\n    <\/li>\n\n\n<li class=\"block-list__item\">\n            \n<a href=\"https:\/\/www.flexpak.nl\/de\/markten\/non-food\/retail\/\">Retail<\/a>\n    <\/li>\n\n\n<li class=\"block-list__item\">\n            \n<a href=\"https:\/\/www.flexpak.nl\/de\/markten\/non-food\/blumenerde-dungemittel\/\">Blumenerde &amp; D\u00fcngemittel<\/a>\n    <\/li>\n\n\n<li class=\"block-list__item\">\n            \n<a href=\"https:\/\/www.flexpak.nl\/de\/markten\/non-food\/sonstiges-non-food\/\">Sonstiges<\/a>\n    <\/li>\n\n<\/ul>\n<\/div>\n\n\n<div class=\"hh-block block-column col col--1 col--lg-1\/3\">\n    \n    <style>\n        .block-paragraph.block-paragraph--id-69e36f0a3d025 {\n                                    --hh-paragraph-font-size: 2rem;\n                    }\n\n            <\/style>\n<p class=\"hh-block block-paragraph block-paragraph--id-69e36f0a3d025\"data-mb=\"small\"><strong>Agrar &amp; Gartenbau<\/strong><\/p>\n\n<ul class=\"hh-block block-list block-list--type-unordered\"data-mb=\"small\">\n<li class=\"block-list__item\">\n            \n<a href=\"https:\/\/www.flexpak.nl\/de\/markten\/lebensmittel\/kartoffeln-gemuse-obst\/\">Kartoffeln, Gem\u00fcse &amp; Obst<\/a>\n    <\/li>\n\n\n<li class=\"block-list__item\">\n            \n<a href=\"https:\/\/www.flexpak.nl\/de\/markten\/agrar-gartenbau\/landwirtschaft\/\">Ackerbau<\/a>\n    <\/li>\n\n\n<li class=\"block-list__item\">\n            \n<a href=\"https:\/\/www.flexpak.nl\/de\/markten\/agrar-gartenbau\/beetbereitung\/\">Beetbereitung<\/a>\n    <\/li>\n\n\n<li class=\"block-list__item\">\n            \n<a href=\"https:\/\/www.flexpak.nl\/de\/markten\/non-food\/blumenerde-dungemittel\/\">Blumenerde &amp; D\u00fcngemittel<\/a>\n    <\/li>\n\n\n<li class=\"block-list__item\">\n            \n<a href=\"https:\/\/www.flexpak.nl\/de\/markten\/agrar-gartenbau\/gewachshausanbau\/\">Gew\u00e4chshausanbau<\/a>\n    <\/li>\n\n\n<li class=\"block-list__item\">\n            \n<a href=\"https:\/\/www.flexpak.nl\/de\/markten\/agrar-gartenbau\/feldanbau\/\">Feldanbau<\/a>\n    <\/li>\n\n\n<li class=\"block-list__item\">\n            \n<a href=\"https:\/\/www.flexpak.nl\/de\/markten\/agrar-gartenbau\/viehzucht\/\">Viehzucht<\/a>\n    <\/li>\n\n\n<li class=\"block-list__item\">\n            \n<a href=\"https:\/\/www.flexpak.nl\/de\/markten\/agrar-gartenbau\/sonstiges-agrar\/\">Sonstiges<\/a>\n    <\/li>\n\n<\/ul>\n<\/div>\n            <\/div>\n<\/div>\n","protected":false},"excerpt":{"rendered":"","protected":false},"author":2,"featured_media":0,"parent":0,"menu_order":12,"comment_status":"closed","ping_status":"closed","template":"","meta":{"_acf_changed":false,"footnotes":""},"class_list":["post-950","page","type-page","status-publish","hentry"],"acf":[],"yoast_head":"<title>Markt\u00fcbersicht - Flexpak<\/title>\n<meta name=\"description\" content=\"Bekijk hier de markten waarin Flexpak opereert. Lees meer over de verschillende markten en ontdek wat wij daarin doen.\" \/>\n<meta name=\"robots\" content=\"index, follow, max-snippet:-1, max-image-preview:large, max-video-preview:-1\" \/>\n<link rel=\"canonical\" href=\"https:\/\/www.flexpak.nl\/de\/marktubersicht\/\" \/>\n<meta property=\"og:locale\" content=\"de_DE\" \/>\n<meta property=\"og:type\" content=\"article\" \/>\n<meta property=\"og:title\" content=\"Markt\u00fcbersicht - Flexpak\" \/>\n<meta property=\"og:description\" content=\"Bekijk hier de markten waarin Flexpak opereert. Lees meer over de verschillende markten en ontdek wat wij daarin doen.\" \/>\n<meta property=\"og:url\" content=\"https:\/\/www.flexpak.nl\/de\/marktubersicht\/\" \/>\n<meta property=\"og:site_name\" content=\"Flexpak\" \/>\n<meta property=\"article:modified_time\" content=\"2024-02-15T13:53:54+00:00\" \/>\n<meta name=\"twitter:card\" content=\"summary_large_image\" \/>\n<meta name=\"twitter:label1\" content=\"Gesch\u00e4tzte Lesezeit\" \/>\n\t<meta name=\"twitter:data1\" content=\"1\u00a0Minute\" \/>\n<script type=\"application\/ld+json\" class=\"yoast-schema-graph\">{\"@context\":\"https:\/\/schema.org\",\"@graph\":[{\"@type\":\"WebPage\",\"@id\":\"https:\/\/www.flexpak.nl\/de\/marktubersicht\/\",\"url\":\"https:\/\/www.flexpak.nl\/de\/marktubersicht\/\",\"name\":\"Markt\u00fcbersicht - Flexpak\",\"isPartOf\":{\"@id\":\"https:\/\/www.flexpak.nl\/de\/#website\"},\"datePublished\":\"2023-07-20T11:49:23+00:00\",\"dateModified\":\"2024-02-15T13:53:54+00:00\",\"description\":\"Bekijk hier de markten waarin Flexpak opereert. Lees meer over de verschillende markten en ontdek wat wij daarin doen.\",\"breadcrumb\":{\"@id\":\"https:\/\/www.flexpak.nl\/de\/marktubersicht\/#breadcrumb\"},\"inLanguage\":\"de\",\"potentialAction\":[{\"@type\":\"ReadAction\",\"target\":[\"https:\/\/www.flexpak.nl\/de\/marktubersicht\/\"]}]},{\"@type\":\"BreadcrumbList\",\"@id\":\"https:\/\/www.flexpak.nl\/de\/marktubersicht\/#breadcrumb\",\"itemListElement\":[{\"@type\":\"ListItem\",\"position\":1,\"name\":\"Home\",\"item\":\"https:\/\/www.flexpak.nl\/de\/\"},{\"@type\":\"ListItem\",\"position\":2,\"name\":\"Markt\u00fcbersicht\"}]},{\"@type\":\"WebSite\",\"@id\":\"https:\/\/www.flexpak.nl\/de\/#website\",\"url\":\"https:\/\/www.flexpak.nl\/de\/\",\"name\":\"Flexpak\",\"description\":\"The sustainable innovator\",\"potentialAction\":[{\"@type\":\"SearchAction\",\"target\":{\"@type\":\"EntryPoint\",\"urlTemplate\":\"https:\/\/www.flexpak.nl\/de\/?suchanfrage={search_term_string}\"},\"query-input\":{\"@type\":\"PropertyValueSpecification\",\"valueRequired\":true,\"valueName\":\"search_term_string\"}}],\"inLanguage\":\"de\"}]}<\/script>","yoast_head_json":{"title":"Markt\u00fcbersicht - Flexpak","description":"Bekijk hier de markten waarin Flexpak opereert. Lees meer over de verschillende markten en ontdek wat wij daarin doen.","robots":{"index":"index","follow":"follow","max-snippet":"max-snippet:-1","max-image-preview":"max-image-preview:large","max-video-preview":"max-video-preview:-1"},"canonical":"https:\/\/www.flexpak.nl\/de\/marktubersicht\/","og_locale":"de_DE","og_type":"article","og_title":"Markt\u00fcbersicht - Flexpak","og_description":"Bekijk hier de markten waarin Flexpak opereert. Lees meer over de verschillende markten en ontdek wat wij daarin doen.","og_url":"https:\/\/www.flexpak.nl\/de\/marktubersicht\/","og_site_name":"Flexpak","article_modified_time":"2024-02-15T13:53:54+00:00","twitter_card":"summary_large_image","twitter_misc":{"Gesch\u00e4tzte Lesezeit":"1\u00a0Minute"},"schema":{"@context":"https:\/\/schema.org","@graph":[{"@type":"WebPage","@id":"https:\/\/www.flexpak.nl\/de\/marktubersicht\/","url":"https:\/\/www.flexpak.nl\/de\/marktubersicht\/","name":"Markt\u00fcbersicht - Flexpak","isPartOf":{"@id":"https:\/\/www.flexpak.nl\/de\/#website"},"datePublished":"2023-07-20T11:49:23+00:00","dateModified":"2024-02-15T13:53:54+00:00","description":"Bekijk hier de markten waarin Flexpak opereert. Lees meer over de verschillende markten en ontdek wat wij daarin doen.","breadcrumb":{"@id":"https:\/\/www.flexpak.nl\/de\/marktubersicht\/#breadcrumb"},"inLanguage":"de","potentialAction":[{"@type":"ReadAction","target":["https:\/\/www.flexpak.nl\/de\/marktubersicht\/"]}]},{"@type":"BreadcrumbList","@id":"https:\/\/www.flexpak.nl\/de\/marktubersicht\/#breadcrumb","itemListElement":[{"@type":"ListItem","position":1,"name":"Home","item":"https:\/\/www.flexpak.nl\/de\/"},{"@type":"ListItem","position":2,"name":"Markt\u00fcbersicht"}]},{"@type":"WebSite","@id":"https:\/\/www.flexpak.nl\/de\/#website","url":"https:\/\/www.flexpak.nl\/de\/","name":"Flexpak","description":"The sustainable innovator","potentialAction":[{"@type":"SearchAction","target":{"@type":"EntryPoint","urlTemplate":"https:\/\/www.flexpak.nl\/de\/?suchanfrage={search_term_string}"},"query-input":{"@type":"PropertyValueSpecification","valueRequired":true,"valueName":"search_term_string"}}],"inLanguage":"de"}]}},"_links":{"self":[{"href":"https:\/\/www.flexpak.nl\/de\/wp-json\/wp\/v2\/pages\/950","targetHints":{"allow":["GET"]}}],"collection":[{"href":"https:\/\/www.flexpak.nl\/de\/wp-json\/wp\/v2\/pages"}],"about":[{"href":"https:\/\/www.flexpak.nl\/de\/wp-json\/wp\/v2\/types\/page"}],"author":[{"embeddable":true,"href":"https:\/\/www.flexpak.nl\/de\/wp-json\/wp\/v2\/users\/2"}],"replies":[{"embeddable":true,"href":"https:\/\/www.flexpak.nl\/de\/wp-json\/wp\/v2\/comments?post=950"}],"version-history":[{"count":22,"href":"https:\/\/www.flexpak.nl\/de\/wp-json\/wp\/v2\/pages\/950\/revisions"}],"predecessor-version":[{"id":1815,"href":"https:\/\/www.flexpak.nl\/de\/wp-json\/wp\/v2\/pages\/950\/revisions\/1815"}],"wp:attachment":[{"href":"https:\/\/www.flexpak.nl\/de\/wp-json\/wp\/v2\/media?parent=950"}],"curies":[{"name":"wp","href":"https:\/\/api.w.org\/{rel}","templated":true}]}}