{"id":490,"date":"2022-09-22T12:14:29","date_gmt":"2022-09-22T10:14:29","guid":{"rendered":"https:\/\/www.flexpak.nl\/de\/?page_id=490"},"modified":"2024-09-25T12:57:30","modified_gmt":"2024-09-25T10:57:30","slug":"over-ons","status":"publish","type":"page","link":"https:\/\/www.flexpak.nl\/de\/over-ons\/","title":{"rendered":"\u00dcber uns"},"content":{"rendered":"\n<div class=\"hh-block block-row\">\n    <div class=\"block-row__row row block-row__row--preset-2\/3|1\/3 block-row__row--align-stretch\">\n                \n\n<div class=\"hh-block block-column col col--1 col--lg-2\/3\">\n    \n<p class=\"hh-block block-paragraph block-paragraph--id-69f6299f2cb27\"data-mb=\"small\">Flexpak ist Teil eines Kollektivs von Herstellern unter dem Namen OPACKGROUP.&nbsp; Diese Gruppe besteht aus den folgenden Unternehmen:<\/p>\n\n<p class=\"hh-block block-paragraph block-paragraph--id-69f6299f2cc02\"data-mb=\"small\"><strong>Fardem Packaging<\/strong> \u2013 Edam<br>PE-Verpackungen und Folie \/ D\u00fcngemittel \u2013 Salz \u2013 Bauwesen \u2013 Polymere \u2013 Zement \u2013 Futtermittel<\/p>\n\n<p class=\"hh-block block-paragraph block-paragraph--id-69f6299f2ccad\"data-mb=\"small\"><strong>Flexpak<\/strong> \u2013 Geldermalsen<br>Laminatfolie \u2013 Blockbodenbeutel \u2013 Folienzuschnitte \u2013 Rondelle<\/p>\n\n<p class=\"hh-block block-paragraph block-paragraph--id-69f6299f2cd6c\"data-mb=\"small\"><strong>OPI<\/strong> \u2013 Oosterwolde<br>PE-Verpackungen und Folie \/ HDPE-, LDPE-Beutel, Folienzuschnitte und Folie<\/p>\n\n<p class=\"hh-block block-paragraph block-paragraph--id-69f6299f2cde5\"data-mb=\"small\"><strong>Oerlemans Plastics<\/strong> \u2013 Genderen und Giessen<br>PE-Verpackungen und Folie<br>Gartenbau \u2013 Lebensmittel \u2013 Non-Food \u2013 Verpackungsgro\u00dfhandel<\/p>\n\n<p class=\"hh-block block-paragraph block-paragraph--id-69f6299f2ce57\"data-mb=\"small\"><strong>Perfon<\/strong> \u2013 Goor<br>Polypropylenzuschnitte und Folie \/ Hotneedle und gestanzt<\/p>\n\n<p class=\"hh-block block-paragraph block-paragraph--id-69f6299f2cecb\"data-mb=\"small\"><strong>Plasthill<\/strong> \u2013 Hillegom<br>Industrielle PE-Verpackungen (bis zu 10 Meter breit)<\/p>\n\n<p class=\"hh-block block-paragraph block-paragraph--id-69f6299f2cf3f\"data-mb=\"small\"><strong>Stempher<\/strong> \u2013 Rijssen<br>Extrusions-LDPE \u2013 LLDPE \u2013 MDPE \u2013 Coex \u2013 Papier<\/p>\n<\/div>\n\n\n<div class=\"hh-block block-column col col--1 col--lg-1\/3\">\n    <\/div>\n            <\/div>\n<\/div>\n\n\n\n<div class=\"hh-block block-row\"data-mb=\"regular\">\n    <div class=\"block-row__row row block-row__row--preset-1\/2|1\/2 block-row__row--align-stretch\">\n                \n\n<div class=\"hh-block block-column col col--1 col--lg-1\/2\">\n    <\/div>\n\n\n<div class=\"hh-block block-column col col--1 col--lg-1\/2\">\n    <\/div>\n            <\/div>\n<\/div>\n","protected":false},"excerpt":{"rendered":"","protected":false},"author":1,"featured_media":0,"parent":0,"menu_order":13,"comment_status":"closed","ping_status":"closed","template":"","meta":{"_acf_changed":false,"footnotes":""},"class_list":["post-490","page","type-page","status-publish","hentry"],"acf":[],"yoast_head":"<title>\u00dcber uns - Flexpak<\/title>\n<meta name=\"description\" content=\"Flexpak ist ein Hersteller von flexiblen Verpackungen, unter anderem f\u00fcr die Lebensmittelindustrie. Finden Sie hier heraus, in welchen anderen Branchen wir t\u00e4tig sind.\" \/>\n<meta name=\"robots\" content=\"index, follow, max-snippet:-1, max-image-preview:large, max-video-preview:-1\" \/>\n<link rel=\"canonical\" href=\"https:\/\/www.flexpak.nl\/de\/over-ons\/\" \/>\n<meta property=\"og:locale\" content=\"de_DE\" \/>\n<meta property=\"og:type\" content=\"article\" \/>\n<meta property=\"og:title\" content=\"\u00dcber uns - Flexpak\" \/>\n<meta property=\"og:description\" content=\"Flexpak ist ein Hersteller von flexiblen Verpackungen, unter anderem f\u00fcr die Lebensmittelindustrie. Finden Sie hier heraus, in welchen anderen Branchen wir t\u00e4tig sind.\" \/>\n<meta property=\"og:url\" content=\"https:\/\/www.flexpak.nl\/de\/over-ons\/\" \/>\n<meta property=\"og:site_name\" content=\"Flexpak\" \/>\n<meta property=\"article:modified_time\" content=\"2024-09-25T10:57:30+00:00\" \/>\n<meta name=\"twitter:card\" content=\"summary_large_image\" \/>\n<meta name=\"twitter:label1\" content=\"Gesch\u00e4tzte Lesezeit\" \/>\n\t<meta name=\"twitter:data1\" content=\"1\u00a0Minute\" \/>\n<script type=\"application\/ld+json\" class=\"yoast-schema-graph\">{\"@context\":\"https:\/\/schema.org\",\"@graph\":[{\"@type\":\"WebPage\",\"@id\":\"https:\/\/www.flexpak.nl\/de\/over-ons\/\",\"url\":\"https:\/\/www.flexpak.nl\/de\/over-ons\/\",\"name\":\"\u00dcber uns - Flexpak\",\"isPartOf\":{\"@id\":\"https:\/\/www.flexpak.nl\/de\/#website\"},\"datePublished\":\"2022-09-22T10:14:29+00:00\",\"dateModified\":\"2024-09-25T10:57:30+00:00\",\"description\":\"Flexpak ist ein Hersteller von flexiblen Verpackungen, unter anderem f\u00fcr die Lebensmittelindustrie. Finden Sie hier heraus, in welchen anderen Branchen wir t\u00e4tig sind.\",\"breadcrumb\":{\"@id\":\"https:\/\/www.flexpak.nl\/de\/over-ons\/#breadcrumb\"},\"inLanguage\":\"de\",\"potentialAction\":[{\"@type\":\"ReadAction\",\"target\":[\"https:\/\/www.flexpak.nl\/de\/over-ons\/\"]}]},{\"@type\":\"BreadcrumbList\",\"@id\":\"https:\/\/www.flexpak.nl\/de\/over-ons\/#breadcrumb\",\"itemListElement\":[{\"@type\":\"ListItem\",\"position\":1,\"name\":\"Home\",\"item\":\"https:\/\/www.flexpak.nl\/de\/\"},{\"@type\":\"ListItem\",\"position\":2,\"name\":\"\u00dcber uns\"}]},{\"@type\":\"WebSite\",\"@id\":\"https:\/\/www.flexpak.nl\/de\/#website\",\"url\":\"https:\/\/www.flexpak.nl\/de\/\",\"name\":\"Flexpak\",\"description\":\"The sustainable innovator\",\"potentialAction\":[{\"@type\":\"SearchAction\",\"target\":{\"@type\":\"EntryPoint\",\"urlTemplate\":\"https:\/\/www.flexpak.nl\/de\/?suchanfrage={search_term_string}\"},\"query-input\":{\"@type\":\"PropertyValueSpecification\",\"valueRequired\":true,\"valueName\":\"search_term_string\"}}],\"inLanguage\":\"de\"}]}<\/script>","yoast_head_json":{"title":"\u00dcber uns - Flexpak","description":"Flexpak ist ein Hersteller von flexiblen Verpackungen, unter anderem f\u00fcr die Lebensmittelindustrie. Finden Sie hier heraus, in welchen anderen Branchen wir t\u00e4tig sind.","robots":{"index":"index","follow":"follow","max-snippet":"max-snippet:-1","max-image-preview":"max-image-preview:large","max-video-preview":"max-video-preview:-1"},"canonical":"https:\/\/www.flexpak.nl\/de\/over-ons\/","og_locale":"de_DE","og_type":"article","og_title":"\u00dcber uns - Flexpak","og_description":"Flexpak ist ein Hersteller von flexiblen Verpackungen, unter anderem f\u00fcr die Lebensmittelindustrie. Finden Sie hier heraus, in welchen anderen Branchen wir t\u00e4tig sind.","og_url":"https:\/\/www.flexpak.nl\/de\/over-ons\/","og_site_name":"Flexpak","article_modified_time":"2024-09-25T10:57:30+00:00","twitter_card":"summary_large_image","twitter_misc":{"Gesch\u00e4tzte Lesezeit":"1\u00a0Minute"},"schema":{"@context":"https:\/\/schema.org","@graph":[{"@type":"WebPage","@id":"https:\/\/www.flexpak.nl\/de\/over-ons\/","url":"https:\/\/www.flexpak.nl\/de\/over-ons\/","name":"\u00dcber uns - Flexpak","isPartOf":{"@id":"https:\/\/www.flexpak.nl\/de\/#website"},"datePublished":"2022-09-22T10:14:29+00:00","dateModified":"2024-09-25T10:57:30+00:00","description":"Flexpak ist ein Hersteller von flexiblen Verpackungen, unter anderem f\u00fcr die Lebensmittelindustrie. Finden Sie hier heraus, in welchen anderen Branchen wir t\u00e4tig sind.","breadcrumb":{"@id":"https:\/\/www.flexpak.nl\/de\/over-ons\/#breadcrumb"},"inLanguage":"de","potentialAction":[{"@type":"ReadAction","target":["https:\/\/www.flexpak.nl\/de\/over-ons\/"]}]},{"@type":"BreadcrumbList","@id":"https:\/\/www.flexpak.nl\/de\/over-ons\/#breadcrumb","itemListElement":[{"@type":"ListItem","position":1,"name":"Home","item":"https:\/\/www.flexpak.nl\/de\/"},{"@type":"ListItem","position":2,"name":"\u00dcber uns"}]},{"@type":"WebSite","@id":"https:\/\/www.flexpak.nl\/de\/#website","url":"https:\/\/www.flexpak.nl\/de\/","name":"Flexpak","description":"The sustainable innovator","potentialAction":[{"@type":"SearchAction","target":{"@type":"EntryPoint","urlTemplate":"https:\/\/www.flexpak.nl\/de\/?suchanfrage={search_term_string}"},"query-input":{"@type":"PropertyValueSpecification","valueRequired":true,"valueName":"search_term_string"}}],"inLanguage":"de"}]}},"_links":{"self":[{"href":"https:\/\/www.flexpak.nl\/de\/wp-json\/wp\/v2\/pages\/490","targetHints":{"allow":["GET"]}}],"collection":[{"href":"https:\/\/www.flexpak.nl\/de\/wp-json\/wp\/v2\/pages"}],"about":[{"href":"https:\/\/www.flexpak.nl\/de\/wp-json\/wp\/v2\/types\/page"}],"author":[{"embeddable":true,"href":"https:\/\/www.flexpak.nl\/de\/wp-json\/wp\/v2\/users\/1"}],"replies":[{"embeddable":true,"href":"https:\/\/www.flexpak.nl\/de\/wp-json\/wp\/v2\/comments?post=490"}],"version-history":[{"count":29,"href":"https:\/\/www.flexpak.nl\/de\/wp-json\/wp\/v2\/pages\/490\/revisions"}],"predecessor-version":[{"id":2065,"href":"https:\/\/www.flexpak.nl\/de\/wp-json\/wp\/v2\/pages\/490\/revisions\/2065"}],"wp:attachment":[{"href":"https:\/\/www.flexpak.nl\/de\/wp-json\/wp\/v2\/media?parent=490"}],"curies":[{"name":"wp","href":"https:\/\/api.w.org\/{rel}","templated":true}]}}